{"id":113,"date":"2025-09-09T16:04:04","date_gmt":"2025-09-09T16:04:04","guid":{"rendered":"https:\/\/lemondedigital.be\/?page_id=113"},"modified":"2025-09-21T17:37:57","modified_gmt":"2025-09-21T17:37:57","slug":"confidentialite-reglement","status":"publish","type":"page","link":"https:\/\/lemondedigital.be\/?page_id=113","title":{"rendered":"Confidentialit\u00e9 reglement"},"content":{"rendered":"\n<h1 class=\"wp-block-heading\"><\/h1>\n\n\n\n<p><\/p>\n\n\n\n<p><\/p>\n\n\n\n<h1 class=\"wp-block-heading\">politique de confidentialit\u00e9 \u2014 lemondedigital.be<\/h1>\n\n\n\n<hr class=\"wp-block-separator has-alpha-channel-opacity\"\/>\n\n\n\n<h2 class=\"wp-block-heading\">Politique de confidentialit\u00e9 \u2014 lemondedigital.be<\/h2>\n\n\n\n<p><strong>Derni\u00e8re mise \u00e0 jour :<\/strong>&nbsp;08\/09\/2025<br><strong>Responsable du traitement :<\/strong>&nbsp;Le Monde Digital (soci\u00e9t\u00e9 \/ ind\u00e9pendant)<br><strong>Adresse :<\/strong>&nbsp;[Adresse compl\u00e8te]<br><strong>Email de contact :<\/strong>&nbsp;<a>contact@lemondedigital.be<\/a><br><strong>Num\u00e9ro de TVA  :<\/strong>&nbsp;BE<em>0700.779.666<\/em><\/p>\n\n\n\n<h3 class=\"wp-block-heading\">1. Introduction<\/h3>\n\n\n\n<p>La pr\u00e9sente politique explique quelles donn\u00e9es personnelles nous collectons, pourquoi nous les utilisons, avec qui nous les partageons, vos droits et la fa\u00e7on dont vous pouvez nous contacter. Cette politique s\u2019applique au site&nbsp;<strong>lemondedigital.be<\/strong>.<\/p>\n\n\n\n<h3 class=\"wp-block-heading\">2. Donn\u00e9es collect\u00e9es<\/h3>\n\n\n\n<p>Nous pouvons collecter et traiter les cat\u00e9gories de donn\u00e9es suivantes :<\/p>\n\n\n\n<ul class=\"wp-block-list\">\n<li><strong>Donn\u00e9es d\u2019identification<\/strong>&nbsp;: nom, pr\u00e9nom, adresse e-mail, adresse postale (lorsque vous les fournissez volontairement).<\/li>\n\n\n\n<li><strong>Donn\u00e9es de connexion &amp; techniques<\/strong>&nbsp;: adresse IP, type et version du navigateur, pages consult\u00e9es, dur\u00e9e de la visite, URL de r\u00e9f\u00e9rence, horodatage.<\/li>\n\n\n\n<li><strong>Donn\u00e9es de paiement<\/strong>&nbsp;: uniquement si vous effectuez un paiement \u2014 ces donn\u00e9es sont trait\u00e9es via un prestataire de paiement s\u00e9curis\u00e9 (nous ne stockons pas les num\u00e9ros complets de carte).<\/li>\n\n\n\n<li><strong>Donn\u00e9es \u00e9chang\u00e9es via formulaire<\/strong>&nbsp;: messages, pr\u00e9f\u00e9rences et autres informations que vous transmettez volontairement via nos formulaires de contact ou d\u2019inscription.<\/li>\n\n\n\n<li><strong>Cookies et traceurs<\/strong>&nbsp;: voir section \u00ab Cookies \u00bb.<\/li>\n<\/ul>\n\n\n\n<h3 class=\"wp-block-heading\">3. Finalit\u00e9s et bases l\u00e9gales du traitement<\/h3>\n\n\n\n<p>Nous traitons vos donn\u00e9es personnelles pour les finalit\u00e9s suivantes :<\/p>\n\n\n\n<ul class=\"wp-block-list\">\n<li><strong>Fourniture du service<\/strong>&nbsp;(ex\u00e9cution d\u2019un contrat) : traitement des commandes, facturation, gestion des services command\u00e9s.<\/li>\n\n\n\n<li><strong>Communication &amp; support<\/strong>&nbsp;(ex\u00e9cution contractuelle \/ int\u00e9r\u00eat l\u00e9gitime) : r\u00e9pondre aux demandes envoy\u00e9es via le formulaire ou e-mail.<\/li>\n\n\n\n<li><strong>Marketing<\/strong>&nbsp;(consentement lorsque requis) : envoi de newsletters et offres si vous y avez consenti ; vous pouvez vous d\u00e9sinscrire \u00e0 tout moment.<\/li>\n\n\n\n<li><strong>S\u00e9curit\u00e9 &amp; pr\u00e9vention de la fraude<\/strong>&nbsp;(int\u00e9r\u00eat l\u00e9gitime) : prot\u00e9ger le site, pr\u00e9venir les abus et enqu\u00eater sur les incidents.<\/li>\n\n\n\n<li><strong>Obligations l\u00e9gales<\/strong>&nbsp;: conservation de certaines donn\u00e9es pour respecter des obligations fiscales et comptables.<\/li>\n<\/ul>\n\n\n\n<h3 class=\"wp-block-heading\">4. Cookies et traceurs<\/h3>\n\n\n\n<p>Nous utilisons des cookies et technologies similaires pour :<\/p>\n\n\n\n<ul class=\"wp-block-list\">\n<li>Cookies strictement n\u00e9cessaires (ex. connexion, panier) \u2014 indispensable au fonctionnement du site.<\/li>\n\n\n\n<li>Cookies de performance et analytics (ex. Google Analytics) \u2014 pour am\u00e9liorer l\u2019exp\u00e9rience.<\/li>\n\n\n\n<li>Cookies publicitaires et de ciblage \u2014 si vous acceptez le suivi publicitaire.<\/li>\n<\/ul>\n\n\n\n<p>Vous pouvez g\u00e9rer vos pr\u00e9f\u00e9rences cookies via la banni\u00e8re cookies et les param\u00e8tres de votre navigateur. Pour d\u00e9sactiver Google Analytics, vous pouvez installer le module compl\u00e9mentaire de d\u00e9sactivation (si applicable).<\/p>\n\n\n\n<h3 class=\"wp-block-heading\">5. Partage avec des tiers \/ sous-traitants<\/h3>\n\n\n\n<p>Nous pouvons partager des donn\u00e9es avec des prestataires pour l\u2019h\u00e9bergement, l\u2019analyse, l\u2019envoi d\u2019e-mails, les paiements et autres services techniques (par ex. h\u00e9bergeur, processeur de paiement, outil d\u2019emailing, Google Analytics). Ces prestataires agissent en qualit\u00e9 de sous-traitants et sont tenus par contrat de s\u00e9curit\u00e9 et confidentialit\u00e9.<\/p>\n\n\n\n<p>Nous ne vendons&nbsp;<strong>jamais<\/strong>&nbsp;vos donn\u00e9es \u00e0 des fins commerciales.<\/p>\n\n\n\n<h3 class=\"wp-block-heading\">6. Transferts internationaux<\/h3>\n\n\n\n<p>Si des donn\u00e9es sont transf\u00e9r\u00e9es hors de l\u2019Union europ\u00e9enne, nous nous assurons qu\u2019un niveau de protection ad\u00e9quat est garanti (par exemple via des clauses contractuelles types ou vers des pays reconnus).<\/p>\n\n\n\n<h3 class=\"wp-block-heading\">7. Dur\u00e9e de conservation<\/h3>\n\n\n\n<p>Nous conservons les donn\u00e9es personnelles :<\/p>\n\n\n\n<ul class=\"wp-block-list\">\n<li>Donn\u00e9es de facturation : pendant la dur\u00e9e l\u00e9gale requise (ex. 7 ans pour la comptabilit\u00e9 en Belgique) ;<\/li>\n\n\n\n<li>Donn\u00e9es li\u00e9es au compte : tant que le compte est actif + p\u00e9riode de suppression ;<\/li>\n\n\n\n<li>Donn\u00e9es de contact \/ marketing : jusqu\u2019\u00e0 retrait du consentement ou 3 ans d\u2019inactivit\u00e9 (\u00e0 adapter) ;<\/li>\n\n\n\n<li>Donn\u00e9es techniques\/ logs : g\u00e9n\u00e9ralement 6 \u00e0 24 mois (\u00e0 adapter).<\/li>\n<\/ul>\n\n\n\n<h3 class=\"wp-block-heading\">8. Vos droits<\/h3>\n\n\n\n<p>Conform\u00e9ment au R\u00e8glement g\u00e9n\u00e9ral sur la protection des donn\u00e9es (RGPD), vous disposez des droits suivants :<\/p>\n\n\n\n<ul class=\"wp-block-list\">\n<li>Droit d\u2019acc\u00e8s : obtenir une copie des donn\u00e9es vous concernant.<\/li>\n\n\n\n<li>Droit de rectification : corriger des donn\u00e9es inexactes.<\/li>\n\n\n\n<li>Droit \u00e0 l\u2019effacement (\u00ab droit \u00e0 l\u2019oubli \u00bb) : demander la suppression de donn\u00e9es (sous r\u00e9serve des obligations l\u00e9gales).<\/li>\n\n\n\n<li>Droit \u00e0 la limitation du traitement.<\/li>\n\n\n\n<li>Droit d\u2019opposition : vous opposer \u00e0 un traitement fond\u00e9 sur l\u2019int\u00e9r\u00eat l\u00e9gitime.<\/li>\n\n\n\n<li>Droit \u00e0 la portabilit\u00e9 : recevoir vos donn\u00e9es dans un format structur\u00e9 et lisible par machine (dans les cas pr\u00e9vus).<\/li>\n\n\n\n<li>Droit de retirer votre consentement \u00e0 tout moment (sans affecter la l\u00e9galit\u00e9 du traitement ant\u00e9rieur).<\/li>\n\n\n\n<li>Droit d\u2019introduire une r\u00e9clamation aupr\u00e8s d\u2019une autorit\u00e9 de contr\u00f4le (en Belgique : Autorit\u00e9 de Protection des Donn\u00e9es \u2014 APD).<\/li>\n<\/ul>\n\n\n\n<p>Pour exercer vos droits, contactez :&nbsp;<strong><a>contact@lemondedigital.be<\/a><\/strong>. Merci de joindre une preuve d\u2019identit\u00e9.<\/p>\n\n\n\n<h3 class=\"wp-block-heading\">9. S\u00e9curit\u00e9<\/h3>\n\n\n\n<p>Nous mettons en \u0153uvre des mesures techniques et organisationnelles raisonnables (chiffrement, acc\u00e8s restreint, sauvegardes) pour prot\u00e9ger vos donn\u00e9es contre tout acc\u00e8s non autoris\u00e9, perte ou divulgation.<\/p>\n\n\n\n<h3 class=\"wp-block-heading\">10. Donn\u00e9es des mineurs<\/h3>\n\n\n\n<p>Notre site n\u2019est pas destin\u00e9 aux mineurs de moins de 16 ans sans autorisation parentale. Nous ne collectons pas sciemment de donn\u00e9es personnelles d\u2019enfants. Si vous pensez qu\u2019un enfant nous a transmis des donn\u00e9es, contactez-nous pour suppression.<\/p>\n\n\n\n<h3 class=\"wp-block-heading\">11. Modifications de la politique<\/h3>\n\n\n\n<p>Nous pouvons mettre \u00e0 jour cette politique. La date de \u00ab derni\u00e8re mise \u00e0 jour \u00bb en haut de la page sera r\u00e9vis\u00e9e ; en cas de changement significatif, nous vous en informerons clairement.<\/p>\n\n\n\n<h3 class=\"wp-block-heading\">12. Contact<\/h3>\n\n\n\n<p>Pour toute question relative \u00e0 la politique de confidentialit\u00e9 ou pour exercer vos droits :<br><strong>Email :<\/strong>&nbsp;<a>contact@lemondedigital.be<\/a><br><\/p>\n","protected":false},"excerpt":{"rendered":"<p>politique de confidentialit\u00e9 \u2014 lemondedigital.be Politique de confidentialit\u00e9 \u2014 lemondedigital.be Derni\u00e8re mise \u00e0 jour :&nbsp;08\/09\/2025Responsable du traitement :&nbsp;Le Monde Digital (soci\u00e9t\u00e9 \/ ind\u00e9pendant)Adresse :&nbsp;[Adresse compl\u00e8te]Email de contact :&nbsp;contact@lemondedigital.beNum\u00e9ro de TVA :&nbsp;BE0700.779.666 1. Introduction La pr\u00e9sente politique explique quelles donn\u00e9es personnelles nous collectons, pourquoi nous les utilisons, avec qui nous les partageons, vos droits et la [&hellip;]<\/p>\n","protected":false},"author":1,"featured_media":0,"parent":0,"menu_order":0,"comment_status":"closed","ping_status":"closed","template":"","meta":{"saved_in_kubio":true,"footnotes":""},"class_list":["post-113","page","type-page","status-publish","hentry"],"kubio_ai_page_context":{"short_desc":"","purpose":"general"},"yoast_head":"<!-- This site is optimized with the Yoast SEO plugin v26.2 - https:\/\/yoast.com\/wordpress\/plugins\/seo\/ -->\n<title>Confidentialit\u00e9 reglement - le monde digital<\/title>\n<meta name=\"robots\" content=\"noindex, follow, max-snippet:-1, max-image-preview:large, max-video-preview:-1\" \/>\n<meta property=\"og:locale\" content=\"fr_FR\" \/>\n<meta property=\"og:type\" content=\"article\" \/>\n<meta property=\"og:title\" content=\"Confidentialit\u00e9 reglement - le monde digital\" \/>\n<meta property=\"og:description\" content=\"politique de confidentialit\u00e9 \u2014 lemondedigital.be Politique de confidentialit\u00e9 \u2014 lemondedigital.be Derni\u00e8re mise \u00e0 jour :&nbsp;08\/09\/2025Responsable du traitement :&nbsp;Le Monde Digital (soci\u00e9t\u00e9 \/ ind\u00e9pendant)Adresse :&nbsp;[Adresse compl\u00e8te]Email de contact :&nbsp;contact@lemondedigital.beNum\u00e9ro de TVA :&nbsp;BE0700.779.666 1. Introduction La pr\u00e9sente politique explique quelles donn\u00e9es personnelles nous collectons, pourquoi nous les utilisons, avec qui nous les partageons, vos droits et la [&hellip;]\" \/>\n<meta property=\"og:url\" content=\"https:\/\/lemondedigital.be\/?page_id=113\" \/>\n<meta property=\"og:site_name\" content=\"le monde digital\" \/>\n<meta property=\"article:modified_time\" content=\"2025-09-21T17:37:57+00:00\" \/>\n<meta name=\"twitter:card\" content=\"summary_large_image\" \/>\n<meta name=\"twitter:label1\" content=\"Dur\u00e9e de lecture estim\u00e9e\" \/>\n\t<meta name=\"twitter:data1\" content=\"4 minutes\" \/>\n<script type=\"application\/ld+json\" class=\"yoast-schema-graph\">{\"@context\":\"https:\/\/schema.org\",\"@graph\":[{\"@type\":\"WebPage\",\"@id\":\"https:\/\/lemondedigital.be\/?page_id=113\",\"url\":\"https:\/\/lemondedigital.be\/?page_id=113\",\"name\":\"Confidentialit\u00e9 reglement - le monde digital\",\"isPartOf\":{\"@id\":\"https:\/\/lemondedigital.be\/#website\"},\"datePublished\":\"2025-09-09T16:04:04+00:00\",\"dateModified\":\"2025-09-21T17:37:57+00:00\",\"breadcrumb\":{\"@id\":\"https:\/\/lemondedigital.be\/?page_id=113#breadcrumb\"},\"inLanguage\":\"fr-FR\",\"potentialAction\":[{\"@type\":\"ReadAction\",\"target\":[\"https:\/\/lemondedigital.be\/?page_id=113\"]}]},{\"@type\":\"BreadcrumbList\",\"@id\":\"https:\/\/lemondedigital.be\/?page_id=113#breadcrumb\",\"itemListElement\":[{\"@type\":\"ListItem\",\"position\":1,\"name\":\"Accueil\",\"item\":\"https:\/\/lemondedigital.be\/\"},{\"@type\":\"ListItem\",\"position\":2,\"name\":\"Confidentialit\u00e9 reglement\"}]},{\"@type\":\"WebSite\",\"@id\":\"https:\/\/lemondedigital.be\/#website\",\"url\":\"https:\/\/lemondedigital.be\/\",\"name\":\"le monde digital\",\"description\":\"\",\"publisher\":{\"@id\":\"https:\/\/lemondedigital.be\/#organization\"},\"potentialAction\":[{\"@type\":\"SearchAction\",\"target\":{\"@type\":\"EntryPoint\",\"urlTemplate\":\"https:\/\/lemondedigital.be\/?s={search_term_string}\"},\"query-input\":{\"@type\":\"PropertyValueSpecification\",\"valueRequired\":true,\"valueName\":\"search_term_string\"}}],\"inLanguage\":\"fr-FR\"},{\"@type\":\"Organization\",\"@id\":\"https:\/\/lemondedigital.be\/#organization\",\"name\":\"le monde digital\",\"url\":\"https:\/\/lemondedigital.be\/\",\"logo\":{\"@type\":\"ImageObject\",\"inLanguage\":\"fr-FR\",\"@id\":\"https:\/\/lemondedigital.be\/#\/schema\/logo\/image\/\",\"url\":\"https:\/\/lemondedigital.be\/wp-content\/uploads\/2025\/03\/cropped-logo-tobe-original-black-_small.png\",\"contentUrl\":\"https:\/\/lemondedigital.be\/wp-content\/uploads\/2025\/03\/cropped-logo-tobe-original-black-_small.png\",\"width\":512,\"height\":512,\"caption\":\"le monde digital\"},\"image\":{\"@id\":\"https:\/\/lemondedigital.be\/#\/schema\/logo\/image\/\"}}]}<\/script>\n<!-- \/ Yoast SEO plugin. -->","yoast_head_json":{"title":"Confidentialit\u00e9 reglement - le monde digital","robots":{"index":"noindex","follow":"follow","max-snippet":"max-snippet:-1","max-image-preview":"max-image-preview:large","max-video-preview":"max-video-preview:-1"},"og_locale":"fr_FR","og_type":"article","og_title":"Confidentialit\u00e9 reglement - le monde digital","og_description":"politique de confidentialit\u00e9 \u2014 lemondedigital.be Politique de confidentialit\u00e9 \u2014 lemondedigital.be Derni\u00e8re mise \u00e0 jour :&nbsp;08\/09\/2025Responsable du traitement :&nbsp;Le Monde Digital (soci\u00e9t\u00e9 \/ ind\u00e9pendant)Adresse :&nbsp;[Adresse compl\u00e8te]Email de contact :&nbsp;contact@lemondedigital.beNum\u00e9ro de TVA :&nbsp;BE0700.779.666 1. Introduction La pr\u00e9sente politique explique quelles donn\u00e9es personnelles nous collectons, pourquoi nous les utilisons, avec qui nous les partageons, vos droits et la [&hellip;]","og_url":"https:\/\/lemondedigital.be\/?page_id=113","og_site_name":"le monde digital","article_modified_time":"2025-09-21T17:37:57+00:00","twitter_card":"summary_large_image","twitter_misc":{"Dur\u00e9e de lecture estim\u00e9e":"4 minutes"},"schema":{"@context":"https:\/\/schema.org","@graph":[{"@type":"WebPage","@id":"https:\/\/lemondedigital.be\/?page_id=113","url":"https:\/\/lemondedigital.be\/?page_id=113","name":"Confidentialit\u00e9 reglement - le monde digital","isPartOf":{"@id":"https:\/\/lemondedigital.be\/#website"},"datePublished":"2025-09-09T16:04:04+00:00","dateModified":"2025-09-21T17:37:57+00:00","breadcrumb":{"@id":"https:\/\/lemondedigital.be\/?page_id=113#breadcrumb"},"inLanguage":"fr-FR","potentialAction":[{"@type":"ReadAction","target":["https:\/\/lemondedigital.be\/?page_id=113"]}]},{"@type":"BreadcrumbList","@id":"https:\/\/lemondedigital.be\/?page_id=113#breadcrumb","itemListElement":[{"@type":"ListItem","position":1,"name":"Accueil","item":"https:\/\/lemondedigital.be\/"},{"@type":"ListItem","position":2,"name":"Confidentialit\u00e9 reglement"}]},{"@type":"WebSite","@id":"https:\/\/lemondedigital.be\/#website","url":"https:\/\/lemondedigital.be\/","name":"le monde digital","description":"","publisher":{"@id":"https:\/\/lemondedigital.be\/#organization"},"potentialAction":[{"@type":"SearchAction","target":{"@type":"EntryPoint","urlTemplate":"https:\/\/lemondedigital.be\/?s={search_term_string}"},"query-input":{"@type":"PropertyValueSpecification","valueRequired":true,"valueName":"search_term_string"}}],"inLanguage":"fr-FR"},{"@type":"Organization","@id":"https:\/\/lemondedigital.be\/#organization","name":"le monde digital","url":"https:\/\/lemondedigital.be\/","logo":{"@type":"ImageObject","inLanguage":"fr-FR","@id":"https:\/\/lemondedigital.be\/#\/schema\/logo\/image\/","url":"https:\/\/lemondedigital.be\/wp-content\/uploads\/2025\/03\/cropped-logo-tobe-original-black-_small.png","contentUrl":"https:\/\/lemondedigital.be\/wp-content\/uploads\/2025\/03\/cropped-logo-tobe-original-black-_small.png","width":512,"height":512,"caption":"le monde digital"},"image":{"@id":"https:\/\/lemondedigital.be\/#\/schema\/logo\/image\/"}}]}},"jetpack_sharing_enabled":true,"_links":{"self":[{"href":"https:\/\/lemondedigital.be\/index.php?rest_route=\/wp\/v2\/pages\/113","targetHints":{"allow":["GET"]}}],"collection":[{"href":"https:\/\/lemondedigital.be\/index.php?rest_route=\/wp\/v2\/pages"}],"about":[{"href":"https:\/\/lemondedigital.be\/index.php?rest_route=\/wp\/v2\/types\/page"}],"author":[{"embeddable":true,"href":"https:\/\/lemondedigital.be\/index.php?rest_route=\/wp\/v2\/users\/1"}],"replies":[{"embeddable":true,"href":"https:\/\/lemondedigital.be\/index.php?rest_route=%2Fwp%2Fv2%2Fcomments&post=113"}],"version-history":[{"count":2,"href":"https:\/\/lemondedigital.be\/index.php?rest_route=\/wp\/v2\/pages\/113\/revisions"}],"predecessor-version":[{"id":157,"href":"https:\/\/lemondedigital.be\/index.php?rest_route=\/wp\/v2\/pages\/113\/revisions\/157"}],"wp:attachment":[{"href":"https:\/\/lemondedigital.be\/index.php?rest_route=%2Fwp%2Fv2%2Fmedia&parent=113"}],"curies":[{"name":"wp","href":"https:\/\/api.w.org\/{rel}","templated":true}]}}